{"id":6,"date":"2025-12-04T16:26:33","date_gmt":"2025-12-04T16:26:33","guid":{"rendered":"https:\/\/sergiobrandao-traductor.es\/?page_id=6"},"modified":"2025-12-04T23:38:21","modified_gmt":"2025-12-04T22:38:21","slug":"sergio-brandao","status":"publish","type":"page","link":"https:\/\/sergiobrandao-traductor.es\/","title":{"rendered":"Sergio Brandao"},"content":{"rendered":"\n<div class=\"wp-block-group alignfull has-global-padding is-layout-constrained wp-container-core-group-is-layout-0c9c989a wp-block-group-is-layout-constrained\" style=\"min-height:0vh;margin-top:0;margin-bottom:0;padding-top:var(--wp--preset--spacing--70);padding-right:var(--wp--preset--spacing--40);padding-bottom:var(--wp--preset--spacing--70);padding-left:var(--wp--preset--spacing--40)\">\n<div class=\"wp-block-group has-global-padding is-layout-constrained wp-container-core-group-is-layout-346627ba wp-block-group-is-layout-constrained\">\n<h2 class=\"wp-block-heading has-text-align-center has-xx-large-font-size\" style=\"margin-right:0;margin-left:0;padding-right:0;padding-left:0\">Traductor Jurado de Portugu\u00e9s \u2194 Espa\u00f1ol<\/h2>\n\n\n\n<p class=\"has-text-align-center\">Cuarenta a\u00f1os de ejercicio profesional.<\/p>\n\n\n\n<p class=\"has-text-align-center\">Traducciones juradas y traducciones ordinarias para particulares, empresas e instituciones.<\/p>\n\n\n\n<p class=\"has-text-align-center\"><\/p>\n\n\n\n<div class=\"wp-block-buttons is-content-justification-center is-layout-flex wp-container-core-buttons-is-layout-a89b3969 wp-block-buttons-is-layout-flex\">\n<div class=\"wp-block-button\"><a class=\"wp-block-button__link wp-element-button\" href=\"#CONTACTO\">Solicite presupuesto sin compromiso<\/a><\/div>\n<\/div>\n<\/div>\n<\/div>\n\n\n\n<div class=\"wp-block-group alignfull is-style-section-1 has-global-padding is-layout-constrained wp-block-group-is-layout-constrained is-style-section-1--1\" style=\"margin-top:0;margin-bottom:0;padding-top:var(--wp--preset--spacing--80);padding-bottom:var(--wp--preset--spacing--80)\">\n<div class=\"wp-block-group alignwide has-global-padding is-layout-constrained wp-block-group-is-layout-constrained\">\n<div class=\"wp-block-group has-global-padding is-layout-constrained wp-block-group-is-layout-constrained\">\n<div class=\"wp-block-group alignfull is-vertical is-layout-flex wp-container-core-group-is-layout-fe9cc265 wp-block-group-is-layout-flex\">\n<h2 class=\"wp-block-heading is-style-text-annotation is-style-text-annotation--2\">Perfil profesional<\/h2>\n<\/div>\n\n\n\n<p class=\"has-text-align-left is-style-text-subtitle is-style-text-subtitle--3\">Traductor int\u00e9rprete jurado habilitado por el Ministerio de Asuntos Exteriores, Uni\u00f3n Europea y Cooperaci\u00f3n de Espa\u00f1a (MAEC). <\/p>\n\n\n\n<p class=\"has-text-align-left is-style-text-subtitle is-style-text-subtitle--4\">Con m\u00e1s de 40 a\u00f1os de experiencia, elaboro traducciones juradas oficiales o traducciones ordinarias, tanto para particulares, como para empresas e instituciones.<\/p>\n\n\n\n<p class=\"has-text-align-left is-style-text-subtitle is-style-text-subtitle--5\">Mis servicios, por tanto, incluyen traducciones con validez legal, adaptadas a tr\u00e1mites administrativos, contratos, certificados acad\u00e9micos u otros documentos oficiales. <\/p>\n\n\n\n<p class=\"has-text-align-left is-style-text-subtitle is-style-text-subtitle--6\">Como profesional biling\u00fce con m\u00e1xima experiencia, cada proyecto garantiza precisi\u00f3n ling\u00fc\u00edstica y cultural as\u00ed como confidencialidad, puntualidad y calidad.<\/p>\n\n\n\n<p class=\"has-text-align-left is-style-text-subtitle is-style-text-subtitle--7\">Si necesita un traductor de portugu\u00e9s y espa\u00f1ol en Madrid no dude en contactarme para recibir asesoramiento personalizado junto con un presupuesto claro y una previsi\u00f3n de plazo ajustado.<\/p>\n<\/div>\n<\/div>\n<\/div>\n\n\n\n<div class=\"wp-block-group alignfull has-global-padding is-layout-constrained wp-block-group-is-layout-constrained\" style=\"margin-top:0;margin-bottom:0;padding-top:var(--wp--preset--spacing--60);padding-bottom:var(--wp--preset--spacing--60)\">\n<div class=\"wp-block-columns alignwide is-layout-flex wp-container-core-columns-is-layout-1d9f35bd wp-block-columns-is-layout-flex\">\n<div class=\"wp-block-column has-border-color is-layout-flow wp-block-column-is-layout-flow\" style=\"border-color:var(--wp--preset--color--accent-6);border-width:1px;border-radius:10px;padding-top:var(--wp--preset--spacing--50);padding-right:var(--wp--preset--spacing--50);padding-bottom:var(--wp--preset--spacing--50);padding-left:var(--wp--preset--spacing--50)\" id=\"CONTACTO\">\n<h3 class=\"wp-block-heading\" id=\"single\">Sergio Brandao<\/h3>\n\n\n\n<p class=\"has-large-font-size\">Traductor Jurado de Portugu\u00e9s \u2194 Espa\u00f1ol<\/p>\n\n\n\n<ul style=\"padding-bottom:var(--wp--preset--spacing--20);padding-left:var(--wp--preset--spacing--20)\" class=\"wp-block-list is-style-checkmark-list has-small-font-size\">\n<li><a href=\"mailto:sergio.brandao@telefonica.net\">sergio.brandao@telefonica.net<\/a><\/li>\n\n\n\n<li><a href=\"tel:34913613624\">(+34) 913613624 <\/a><\/li>\n\n\n\n<li><a href=\"https:\/\/share.google\/YmadU8CFPvivLno39\" target=\"_blank\" rel=\"noreferrer noopener\">Calle del Pilar de Zaragoza n\u00ba 104, 3\u00ba, Madrid, 28028<\/a>    <em>&lt; Metro Avenida de Am\u00e9rica | Diego de Le\u00f3n | Cartagena ><\/em><\/li>\n\n\n\n<li><a href=\"https:\/\/www.google.com\/search?sca_esv=4b839159f38cb91b&amp;rlz=1C1ONGR_esES1014ES1021&amp;sxsrf=AE3TifNQ-bhRlx4hpWsuwzND6Sod4MIg0Q:1764870458166&amp;si=AMgyJEvkVjFQtirYNBhM3ZJIRTaSJ6PxY6y1_6WZHGInbzDnMZ9SPAgy9is8Sww6T_U_RtNUFZE-5bW73tZ0WKlggz_VU2LYM1pzI_JkOGuqVnacOPknkCIOs44Po8ROljvB036GTjKzXHkdcjgPPjFqs1rPakQeiMk5N1EyGtHxzBoEA9F29_4%3D&amp;q=Sergio+Brandao+-+Traductor+jurado+de+portugu%C3%A9s+Rese%C3%B1as&amp;sa=X&amp;ved=2ahUKEwig7-7lvqSRAxXS6wIHHUBBDiUQ0bkNegQINRAD&amp;biw=1920&amp;bih=911&amp;dpr=1\" target=\"_blank\" rel=\"noreferrer noopener\">Rese\u00f1as<\/a> de clientes<\/li>\n<\/ul>\n\n\n\n<div class=\"wp-block-buttons is-content-justification-center is-layout-flex wp-container-core-buttons-is-layout-a89b3969 wp-block-buttons-is-layout-flex\">\n<div class=\"wp-block-button has-custom-width wp-block-button__width-100\"><a class=\"wp-block-button__link wp-element-button\" href=\"mailto:sergio.brandao@telefonica.net\">Solicite presupuesto sin compromiso<\/a><\/div>\n<\/div>\n<\/div>\n<\/div>\n<\/div>\n","protected":false},"excerpt":{"rendered":"<p>Traductor Jurado de Portugu\u00e9s \u2194 Espa\u00f1ol Cuarenta a\u00f1os de ejercicio profesional. Traducciones juradas y traducciones ordinarias para particulares, empresas e instituciones. Perfil profesional Traductor int\u00e9rprete jurado habilitado por el Ministerio de Asuntos Exteriores, Uni\u00f3n Europea y Cooperaci\u00f3n de Espa\u00f1a (MAEC). Con m\u00e1s de 40 a\u00f1os de experiencia, elaboro traducciones juradas oficiales o traducciones ordinarias, tanto [&hellip;]<\/p>\n","protected":false},"author":1,"featured_media":0,"parent":0,"menu_order":0,"comment_status":"closed","ping_status":"closed","template":"","meta":{"footnotes":""},"class_list":["post-6","page","type-page","status-publish","hentry"],"_links":{"self":[{"href":"https:\/\/sergiobrandao-traductor.es\/index.php?rest_route=\/wp\/v2\/pages\/6","targetHints":{"allow":["GET"]}}],"collection":[{"href":"https:\/\/sergiobrandao-traductor.es\/index.php?rest_route=\/wp\/v2\/pages"}],"about":[{"href":"https:\/\/sergiobrandao-traductor.es\/index.php?rest_route=\/wp\/v2\/types\/page"}],"author":[{"embeddable":true,"href":"https:\/\/sergiobrandao-traductor.es\/index.php?rest_route=\/wp\/v2\/users\/1"}],"replies":[{"embeddable":true,"href":"https:\/\/sergiobrandao-traductor.es\/index.php?rest_route=%2Fwp%2Fv2%2Fcomments&post=6"}],"version-history":[{"count":13,"href":"https:\/\/sergiobrandao-traductor.es\/index.php?rest_route=\/wp\/v2\/pages\/6\/revisions"}],"predecessor-version":[{"id":40,"href":"https:\/\/sergiobrandao-traductor.es\/index.php?rest_route=\/wp\/v2\/pages\/6\/revisions\/40"}],"wp:attachment":[{"href":"https:\/\/sergiobrandao-traductor.es\/index.php?rest_route=%2Fwp%2Fv2%2Fmedia&parent=6"}],"curies":[{"name":"wp","href":"https:\/\/api.w.org\/{rel}","templated":true}]}}